{"id":11,"date":"2012-07-19T06:44:25","date_gmt":"2012-07-19T06:44:25","guid":{"rendered":"http:\/\/kristiineautokool.ee\/?page_id=11"},"modified":"2024-03-23T15:27:23","modified_gmt":"2024-03-23T15:27:23","slug":"loppastmekoolitus","status":"publish","type":"page","link":"https:\/\/kristiineautokool.ee\/de\/loppastmekoolitus\/","title":{"rendered":"L\u00f5ppastmekoolitus"},"content":{"rendered":"<p>L\u00f5ppastmekoolitus tuleb l\u00e4bida esmase juhiloa kehtivuse ajal. Esmased juhiload kehtivad 24 kuud.<\/p>\n<p>Koolituse eesm\u00e4rgiks on ohutu liiklemise ja riske v\u00e4ltiva s\u00f5iduoskuse, teisi liiklejaid arvestava ning s\u00e4\u00e4stliku ja keskkonnas\u00f5braliku s\u00f5iduviisi propageerimine.<\/p>\n<p>L\u00f5ppastmekoolitusele v\u00f5ib tulla kohe, kui esmased juhiload on k\u00e4es. Koolitusele tulles tuleb kaasa v\u00f5tta esmane juhiluba v\u00f5i isikut t\u00f5endav dokument.<\/p>\n<p><strong>L\u00f5ppastmekoolituse \u00f5ppet\u00f6\u00f6 mahud:<\/strong><\/p>\n<p>1. teooria\u00f5pe;<\/p>\n<p>a) keskonda s\u00e4\u00e4stev,ohutu ja teisi liiklejaid arvestav m\u00f5tteviis. K\u00e4itumine libedates teeoludes\u00a0(3 tundi);<\/p>\n<p>b) libedas\u00f5idu riskiv\u00e4ltimise praktikum (1 tund);<\/p>\n<p>2. \u00f5ppes\u00f5it;<\/p>\n<p>a) keskkonda s\u00e4\u00e4stva, riske v\u00e4ltiva ja teisi liiklejaid arvestava s\u00f5iduviisi s\u00fcvendamine\u00a0(2 tundi);<\/p>\n<p>b) libedas\u00f5idu riski v\u00e4ltimise harjutused (1 tund).<\/p>\n","protected":false},"excerpt":{"rendered":"<p>L\u00f5ppastmekoolitus tuleb l\u00e4bida esmase juhiloa kehtivuse ajal. Esmased juhiload kehtivad 24 kuud. Koolituse eesm\u00e4rgiks on ohutu liiklemise ja riske v\u00e4ltiva s\u00f5iduoskuse, teisi liiklejaid arvestava ning s\u00e4\u00e4stliku ja keskkonnas\u00f5braliku s\u00f5iduviisi propageerimine. L\u00f5ppastmekoolitusele v\u00f5ib tulla kohe, kui esmased juhiload on k\u00e4es. Koolitusele &hellip; <a href=\"https:\/\/kristiineautokool.ee\/de\/loppastmekoolitus\/\">Weiterlesen <span class=\"meta-nav\">&rarr;<\/span><\/a><\/p>\n","protected":false},"author":1,"featured_media":0,"parent":0,"menu_order":0,"comment_status":"closed","ping_status":"closed","template":"sidebar-page.php","meta":{"_exactmetrics_skip_tracking":false,"_exactmetrics_sitenote_active":false,"_exactmetrics_sitenote_note":"","_exactmetrics_sitenote_category":0,"_monsterinsights_skip_tracking":false,"_monsterinsights_sitenote_active":false,"_monsterinsights_sitenote_note":"","_monsterinsights_sitenote_category":0,"footnotes":""},"class_list":["post-11","page","type-page","status-publish","hentry"],"yoast_head":"<!-- This site is optimized with the Yoast SEO plugin v27.3 - https:\/\/yoast.com\/product\/yoast-seo-wordpress\/ -->\n<title>L\u00f5ppastmekoolitus - Kristiine Autokool Tallinnas, Tulika t\u00e4naval<\/title>\n<meta name=\"description\" content=\"\u201eKristiine Autokool\u201c Tallinnas. \u00d5pe toimub ka Keilas. Tule registreeru l\u00f5ppastmekoolitusele!\" \/>\n<meta name=\"robots\" content=\"index, follow, max-snippet:-1, max-image-preview:large, max-video-preview:-1\" \/>\n<link rel=\"canonical\" href=\"https:\/\/kristiineautokool.ee\/de\/loppastmekoolitus\/\" \/>\n<meta name=\"twitter:card\" content=\"summary_large_image\" \/>\n<meta name=\"twitter:title\" content=\"L\u00f5ppastmekoolitus - Kristiine Autokool Tallinnas, Tulika t\u00e4naval\" \/>\n<meta name=\"twitter:description\" content=\"\u201eKristiine Autokool\u201c Tallinnas. \u00d5pe toimub ka Keilas. Tule registreeru l\u00f5ppastmekoolitusele!\" \/>\n<meta name=\"twitter:label1\" content=\"Gesch\u00e4tzte Lesezeit\" \/>\n\t<meta name=\"twitter:data1\" content=\"1\u00a0Minute\" \/>\n<script type=\"application\/ld+json\" class=\"yoast-schema-graph\">{\"@context\":\"https:\\\/\\\/schema.org\",\"@graph\":[{\"@type\":\"WebPage\",\"@id\":\"https:\\\/\\\/kristiineautokool.ee\\\/de\\\/loppastmekoolitus\\\/\",\"url\":\"https:\\\/\\\/kristiineautokool.ee\\\/de\\\/loppastmekoolitus\\\/\",\"name\":\"L\u00f5ppastmekoolitus - Kristiine Autokool Tallinnas, Tulika t\u00e4naval\",\"isPartOf\":{\"@id\":\"https:\\\/\\\/kristiineautokool.ee\\\/de\\\/#website\"},\"datePublished\":\"2012-07-19T06:44:25+00:00\",\"dateModified\":\"2024-03-23T15:27:23+00:00\",\"description\":\"\u201eKristiine Autokool\u201c Tallinnas. \u00d5pe toimub ka Keilas. Tule registreeru l\u00f5ppastmekoolitusele!\",\"breadcrumb\":{\"@id\":\"https:\\\/\\\/kristiineautokool.ee\\\/de\\\/loppastmekoolitus\\\/#breadcrumb\"},\"inLanguage\":\"de\",\"potentialAction\":[{\"@type\":\"ReadAction\",\"target\":[[\"https:\\\/\\\/kristiineautokool.ee\\\/de\\\/loppastmekoolitus\\\/\"]]}]},{\"@type\":\"BreadcrumbList\",\"@id\":\"https:\\\/\\\/kristiineautokool.ee\\\/de\\\/loppastmekoolitus\\\/#breadcrumb\",\"itemListElement\":[{\"@type\":\"ListItem\",\"position\":1,\"name\":\"Start\",\"item\":\"https:\\\/\\\/kristiineautokool.ee\\\/de\\\/\"},{\"@type\":\"ListItem\",\"position\":2,\"name\":\"L\u00f5ppastmekoolitus\"}]},{\"@type\":\"WebSite\",\"@id\":\"https:\\\/\\\/kristiineautokool.ee\\\/de\\\/#website\",\"url\":\"https:\\\/\\\/kristiineautokool.ee\\\/de\\\/\",\"name\":\"Kristiine Autokool Tallinnas, Tulika t\u00e4naval\",\"description\":\"\",\"potentialAction\":[{\"@type\":\"SearchAction\",\"target\":{\"@type\":\"EntryPoint\",\"urlTemplate\":\"https:\\\/\\\/kristiineautokool.ee\\\/de\\\/?s={search_term_string}\"},\"query-input\":{\"@type\":\"PropertyValueSpecification\",\"valueRequired\":true,\"valueName\":\"search_term_string\"}}],\"inLanguage\":\"de\"}]}<\/script>\n<!-- \/ Yoast SEO plugin. -->","yoast_head_json":{"title":"L\u00f5ppastmekoolitus - Kristiine Autokool Tallinnas, Tulika t\u00e4naval","description":"\u201eKristiine Autokool\u201c Tallinnas. \u00d5pe toimub ka Keilas. Tule registreeru l\u00f5ppastmekoolitusele!","robots":{"index":"index","follow":"follow","max-snippet":"max-snippet:-1","max-image-preview":"max-image-preview:large","max-video-preview":"max-video-preview:-1"},"canonical":"https:\/\/kristiineautokool.ee\/de\/loppastmekoolitus\/","twitter_card":"summary_large_image","twitter_title":"L\u00f5ppastmekoolitus - Kristiine Autokool Tallinnas, Tulika t\u00e4naval","twitter_description":"\u201eKristiine Autokool\u201c Tallinnas. \u00d5pe toimub ka Keilas. Tule registreeru l\u00f5ppastmekoolitusele!","twitter_misc":{"Gesch\u00e4tzte Lesezeit":"1\u00a0Minute"},"schema":{"@context":"https:\/\/schema.org","@graph":[{"@type":"WebPage","@id":"https:\/\/kristiineautokool.ee\/de\/loppastmekoolitus\/","url":"https:\/\/kristiineautokool.ee\/de\/loppastmekoolitus\/","name":"L\u00f5ppastmekoolitus - Kristiine Autokool Tallinnas, Tulika t\u00e4naval","isPartOf":{"@id":"https:\/\/kristiineautokool.ee\/de\/#website"},"datePublished":"2012-07-19T06:44:25+00:00","dateModified":"2024-03-23T15:27:23+00:00","description":"\u201eKristiine Autokool\u201c Tallinnas. \u00d5pe toimub ka Keilas. Tule registreeru l\u00f5ppastmekoolitusele!","breadcrumb":{"@id":"https:\/\/kristiineautokool.ee\/de\/loppastmekoolitus\/#breadcrumb"},"inLanguage":"de","potentialAction":[{"@type":"ReadAction","target":[["https:\/\/kristiineautokool.ee\/de\/loppastmekoolitus\/"]]}]},{"@type":"BreadcrumbList","@id":"https:\/\/kristiineautokool.ee\/de\/loppastmekoolitus\/#breadcrumb","itemListElement":[{"@type":"ListItem","position":1,"name":"Start","item":"https:\/\/kristiineautokool.ee\/de\/"},{"@type":"ListItem","position":2,"name":"L\u00f5ppastmekoolitus"}]},{"@type":"WebSite","@id":"https:\/\/kristiineautokool.ee\/de\/#website","url":"https:\/\/kristiineautokool.ee\/de\/","name":"Kristiine Autokool Tallinnas, Tulika t\u00e4naval","description":"","potentialAction":[{"@type":"SearchAction","target":{"@type":"EntryPoint","urlTemplate":"https:\/\/kristiineautokool.ee\/de\/?s={search_term_string}"},"query-input":{"@type":"PropertyValueSpecification","valueRequired":true,"valueName":"search_term_string"}}],"inLanguage":"de"}]}},"_links":{"self":[{"href":"https:\/\/kristiineautokool.ee\/de\/wp-json\/wp\/v2\/pages\/11","targetHints":{"allow":["GET"]}}],"collection":[{"href":"https:\/\/kristiineautokool.ee\/de\/wp-json\/wp\/v2\/pages"}],"about":[{"href":"https:\/\/kristiineautokool.ee\/de\/wp-json\/wp\/v2\/types\/page"}],"author":[{"embeddable":true,"href":"https:\/\/kristiineautokool.ee\/de\/wp-json\/wp\/v2\/users\/1"}],"replies":[{"embeddable":true,"href":"https:\/\/kristiineautokool.ee\/de\/wp-json\/wp\/v2\/comments?post=11"}],"version-history":[{"count":5,"href":"https:\/\/kristiineautokool.ee\/de\/wp-json\/wp\/v2\/pages\/11\/revisions"}],"predecessor-version":[{"id":3524,"href":"https:\/\/kristiineautokool.ee\/de\/wp-json\/wp\/v2\/pages\/11\/revisions\/3524"}],"wp:attachment":[{"href":"https:\/\/kristiineautokool.ee\/de\/wp-json\/wp\/v2\/media?parent=11"}],"curies":[{"name":"wp","href":"https:\/\/api.w.org\/{rel}","templated":true}]}}