{"id":14,"date":"2012-07-19T06:46:27","date_gmt":"2012-07-19T06:46:27","guid":{"rendered":"http:\/\/kristiineautokool.ee\/?page_id=14"},"modified":"2026-03-02T20:35:42","modified_gmt":"2026-03-02T20:35:42","slug":"autokooli-hinnad","status":"publish","type":"page","link":"https:\/\/kristiineautokool.ee\/de\/autokooli-hinnad\/","title":{"rendered":"Autokooli hinnad"},"content":{"rendered":"<p>B-kategooria \u00f5htune kursus\u00a0 \u00a0960.- eurot<\/p>\n<p>B-kategooria hommikune kursus\u00a0 \u00a0930.- eurot<\/p>\n<p>Kursuse hind sisaldab teooriakursust, 28 s\u00f5idutundi, \u00f5ppematerjale ja internetikooli kasutamist.<\/p>\n<p>Kursuse eest on v\u00f5imalik tasuda kuni kuues osas,esimene sissemakse 180.- eurot.<\/p>\n<p>Pimeda koolitus\u00a0 50.-<\/p>\n<p>Libedas\u00f5idu riskiv\u00e4ltimise koolitus\u00a0 75.-<\/p>\n<p>Esmaabikoolitus\u00a0 50.-<\/p>\n<p>S\u00f5idutund\u00a0 28.-<\/p>\n<p>L\u00f5ppastmekoolitus 120.-<\/p>\n<p>Dokumentide v\u00e4ljastamine teise autokooli minekuks 30.-<\/p>\n<p>Tasuda saab nii sularahas kui ka \u00fclekandega Kristiine Autokooli O\u00dc arvele<\/p>\n<p>A\/a\u00a0EE467700771002402317, LHV pank<\/p>\n<p><strong>V\u00f5imalus tasuda osade kaupa. T\u00e4psem info: <a href=\"https:\/\/www.kristiineautokool.ee\/jarelmaks\/\">https:\/\/www.kristiineautokool.ee\/jarelmaks\/<\/a><\/strong><\/p>\n","protected":false},"excerpt":{"rendered":"<p>B-kategooria \u00f5htune kursus\u00a0 \u00a0960.- eurot B-kategooria hommikune kursus\u00a0 \u00a0930.- eurot Kursuse hind sisaldab teooriakursust, 28 s\u00f5idutundi, \u00f5ppematerjale ja internetikooli kasutamist. Kursuse eest on v\u00f5imalik tasuda kuni kuues osas,esimene sissemakse 180.- eurot. Pimeda koolitus\u00a0 50.- Libedas\u00f5idu riskiv\u00e4ltimise koolitus\u00a0 75.- Esmaabikoolitus\u00a0 50.- &hellip; <a href=\"https:\/\/kristiineautokool.ee\/de\/autokooli-hinnad\/\">Weiterlesen <span class=\"meta-nav\">&rarr;<\/span><\/a><\/p>\n","protected":false},"author":1,"featured_media":0,"parent":0,"menu_order":0,"comment_status":"closed","ping_status":"closed","template":"sidebar-page.php","meta":{"_exactmetrics_skip_tracking":false,"_exactmetrics_sitenote_active":false,"_exactmetrics_sitenote_note":"","_exactmetrics_sitenote_category":0,"_monsterinsights_skip_tracking":false,"_monsterinsights_sitenote_active":false,"_monsterinsights_sitenote_note":"","_monsterinsights_sitenote_category":0,"footnotes":""},"class_list":["post-14","page","type-page","status-publish","hentry"],"yoast_head":"<!-- This site is optimized with the Yoast SEO plugin v27.3 - https:\/\/yoast.com\/product\/yoast-seo-wordpress\/ -->\n<title>Autokooli hinnad - Kristiine Autokool Tallinnas ja Keilas<\/title>\n<meta name=\"description\" content=\"Siit leiate infot Kristiine Autokooli hindade kohta. \u00d5ppet\u00f6\u00f6 toimub nii Tallinnas kui ka Keilas. Tule registreeru kursustele!\" \/>\n<meta name=\"robots\" content=\"index, follow, max-snippet:-1, max-image-preview:large, max-video-preview:-1\" \/>\n<link rel=\"canonical\" href=\"https:\/\/kristiineautokool.ee\/de\/autokooli-hinnad\/\" \/>\n<meta name=\"twitter:card\" content=\"summary_large_image\" \/>\n<meta name=\"twitter:title\" content=\"Autokooli hinnad - Kristiine Autokool Tallinnas ja Keilas\" \/>\n<meta name=\"twitter:description\" content=\"Siit leiate infot Kristiine Autokooli hindade kohta. \u00d5ppet\u00f6\u00f6 toimub nii Tallinnas kui ka Keilas. Tule registreeru kursustele!\" \/>\n<script type=\"application\/ld+json\" class=\"yoast-schema-graph\">{\"@context\":\"https:\\\/\\\/schema.org\",\"@graph\":[{\"@type\":\"WebPage\",\"@id\":\"https:\\\/\\\/kristiineautokool.ee\\\/de\\\/autokooli-hinnad\\\/\",\"url\":\"https:\\\/\\\/kristiineautokool.ee\\\/de\\\/autokooli-hinnad\\\/\",\"name\":\"Autokooli hinnad - Kristiine Autokool Tallinnas ja Keilas\",\"isPartOf\":{\"@id\":\"https:\\\/\\\/kristiineautokool.ee\\\/de\\\/#website\"},\"datePublished\":\"2012-07-19T06:46:27+00:00\",\"dateModified\":\"2026-03-02T20:35:42+00:00\",\"description\":\"Siit leiate infot Kristiine Autokooli hindade kohta. \u00d5ppet\u00f6\u00f6 toimub nii Tallinnas kui ka Keilas. Tule registreeru kursustele!\",\"breadcrumb\":{\"@id\":\"https:\\\/\\\/kristiineautokool.ee\\\/de\\\/autokooli-hinnad\\\/#breadcrumb\"},\"inLanguage\":\"de\",\"potentialAction\":[{\"@type\":\"ReadAction\",\"target\":[[\"https:\\\/\\\/kristiineautokool.ee\\\/de\\\/autokooli-hinnad\\\/\"]]}]},{\"@type\":\"BreadcrumbList\",\"@id\":\"https:\\\/\\\/kristiineautokool.ee\\\/de\\\/autokooli-hinnad\\\/#breadcrumb\",\"itemListElement\":[{\"@type\":\"ListItem\",\"position\":1,\"name\":\"Start\",\"item\":\"https:\\\/\\\/kristiineautokool.ee\\\/de\\\/\"},{\"@type\":\"ListItem\",\"position\":2,\"name\":\"Autokooli hinnad\"}]},{\"@type\":\"WebSite\",\"@id\":\"https:\\\/\\\/kristiineautokool.ee\\\/de\\\/#website\",\"url\":\"https:\\\/\\\/kristiineautokool.ee\\\/de\\\/\",\"name\":\"Kristiine Autokool Tallinnas, Tulika t\u00e4naval\",\"description\":\"\",\"potentialAction\":[{\"@type\":\"SearchAction\",\"target\":{\"@type\":\"EntryPoint\",\"urlTemplate\":\"https:\\\/\\\/kristiineautokool.ee\\\/de\\\/?s={search_term_string}\"},\"query-input\":{\"@type\":\"PropertyValueSpecification\",\"valueRequired\":true,\"valueName\":\"search_term_string\"}}],\"inLanguage\":\"de\"}]}<\/script>\n<!-- \/ Yoast SEO plugin. -->","yoast_head_json":{"title":"Autokooli hinnad - Kristiine Autokool Tallinnas ja Keilas","description":"Siit leiate infot Kristiine Autokooli hindade kohta. \u00d5ppet\u00f6\u00f6 toimub nii Tallinnas kui ka Keilas. Tule registreeru kursustele!","robots":{"index":"index","follow":"follow","max-snippet":"max-snippet:-1","max-image-preview":"max-image-preview:large","max-video-preview":"max-video-preview:-1"},"canonical":"https:\/\/kristiineautokool.ee\/de\/autokooli-hinnad\/","twitter_card":"summary_large_image","twitter_title":"Autokooli hinnad - Kristiine Autokool Tallinnas ja Keilas","twitter_description":"Siit leiate infot Kristiine Autokooli hindade kohta. \u00d5ppet\u00f6\u00f6 toimub nii Tallinnas kui ka Keilas. Tule registreeru kursustele!","schema":{"@context":"https:\/\/schema.org","@graph":[{"@type":"WebPage","@id":"https:\/\/kristiineautokool.ee\/de\/autokooli-hinnad\/","url":"https:\/\/kristiineautokool.ee\/de\/autokooli-hinnad\/","name":"Autokooli hinnad - Kristiine Autokool Tallinnas ja Keilas","isPartOf":{"@id":"https:\/\/kristiineautokool.ee\/de\/#website"},"datePublished":"2012-07-19T06:46:27+00:00","dateModified":"2026-03-02T20:35:42+00:00","description":"Siit leiate infot Kristiine Autokooli hindade kohta. \u00d5ppet\u00f6\u00f6 toimub nii Tallinnas kui ka Keilas. Tule registreeru kursustele!","breadcrumb":{"@id":"https:\/\/kristiineautokool.ee\/de\/autokooli-hinnad\/#breadcrumb"},"inLanguage":"de","potentialAction":[{"@type":"ReadAction","target":[["https:\/\/kristiineautokool.ee\/de\/autokooli-hinnad\/"]]}]},{"@type":"BreadcrumbList","@id":"https:\/\/kristiineautokool.ee\/de\/autokooli-hinnad\/#breadcrumb","itemListElement":[{"@type":"ListItem","position":1,"name":"Start","item":"https:\/\/kristiineautokool.ee\/de\/"},{"@type":"ListItem","position":2,"name":"Autokooli hinnad"}]},{"@type":"WebSite","@id":"https:\/\/kristiineautokool.ee\/de\/#website","url":"https:\/\/kristiineautokool.ee\/de\/","name":"Kristiine Autokool Tallinnas, Tulika t\u00e4naval","description":"","potentialAction":[{"@type":"SearchAction","target":{"@type":"EntryPoint","urlTemplate":"https:\/\/kristiineautokool.ee\/de\/?s={search_term_string}"},"query-input":{"@type":"PropertyValueSpecification","valueRequired":true,"valueName":"search_term_string"}}],"inLanguage":"de"}]}},"_links":{"self":[{"href":"https:\/\/kristiineautokool.ee\/de\/wp-json\/wp\/v2\/pages\/14","targetHints":{"allow":["GET"]}}],"collection":[{"href":"https:\/\/kristiineautokool.ee\/de\/wp-json\/wp\/v2\/pages"}],"about":[{"href":"https:\/\/kristiineautokool.ee\/de\/wp-json\/wp\/v2\/types\/page"}],"author":[{"embeddable":true,"href":"https:\/\/kristiineautokool.ee\/de\/wp-json\/wp\/v2\/users\/1"}],"replies":[{"embeddable":true,"href":"https:\/\/kristiineautokool.ee\/de\/wp-json\/wp\/v2\/comments?post=14"}],"version-history":[{"count":5,"href":"https:\/\/kristiineautokool.ee\/de\/wp-json\/wp\/v2\/pages\/14\/revisions"}],"predecessor-version":[{"id":6536,"href":"https:\/\/kristiineautokool.ee\/de\/wp-json\/wp\/v2\/pages\/14\/revisions\/6536"}],"wp:attachment":[{"href":"https:\/\/kristiineautokool.ee\/de\/wp-json\/wp\/v2\/media?parent=14"}],"curies":[{"name":"wp","href":"https:\/\/api.w.org\/{rel}","templated":true}]}}