{"id":16,"date":"2012-07-19T06:47:22","date_gmt":"2012-07-19T06:47:22","guid":{"rendered":"http:\/\/kristiineautokool.ee\/?page_id=16"},"modified":"2026-04-03T19:32:58","modified_gmt":"2026-04-03T19:32:58","slug":"algavad-kursused","status":"publish","type":"page","link":"https:\/\/kristiineautokool.ee\/de\/algavad-kursused\/","title":{"rendered":"Algavad kursused"},"content":{"rendered":"<p>Siin lehel on kirjas k\u00f5ik l\u00e4hiajal algavad autokooli kursused Tallinnas\u00a0<\/p>\n<p><strong><span style=\"text-decoration: underline;\">B-kategooria algastmekursused:<\/span><\/strong><\/p>\n<h2>B-kategooria hommikune kursus<\/h2>\n<h1>14. aprillil\u00a0 2026,teooria teisip\u00e4eviti kell 8.00\u00a0 Tulika 19, Tallinn<\/h1>\n<p><span style=\"color: #000000; font-weight: bold;\">B-kategooria \u00f5htune kursus<\/span><\/p>\n<h1>13. aprillil 2026,teooria esmasp\u00e4eviti kell 18.00\u00a0 Tulika 19, Tallinn<\/h1>\n<div>\u00a0<\/div>\n<h1><strong>L\u00f5ppastmekoolitus (algus Tulika 19), Tallinn<\/strong><\/h1>\n<div>\n<div>28.m\u00e4rtsil 2026,\u00fchep\u00e4evane koolitus algusega kell\u00a0 8.45<\/div>\n<div>11.aprillil 2026,\u00fchep\u00e4evane koolitus algusega kell\u00a0 8.45<\/div>\n<div>\u00a0<\/div>\n<div>\u00a0<\/div>\n<div>\u00a0<\/div>\n<div>\u00a0<\/div>\n<\/div>\n<div>\n<div>\n<div>\n<div>\u00a0<\/div>\n<\/div>\n<div>\u00a0<\/div>\n<\/div>\n<div>\u00a0<\/div>\n<\/div>\n\n\n<p><\/p>","protected":false},"excerpt":{"rendered":"<p>Siin lehel on kirjas k\u00f5ik l\u00e4hiajal algavad autokooli kursused Tallinnas\u00a0 B-kategooria algastmekursused: B-kategooria hommikune kursus 14. aprillil\u00a0 2026,teooria teisip\u00e4eviti kell 8.00\u00a0 Tulika 19, Tallinn B-kategooria \u00f5htune kursus 13. aprillil 2026,teooria esmasp\u00e4eviti kell 18.00\u00a0 Tulika 19, Tallinn \u00a0 L\u00f5ppastmekoolitus (algus Tulika &hellip; <a href=\"https:\/\/kristiineautokool.ee\/de\/algavad-kursused\/\">Weiterlesen <span class=\"meta-nav\">&rarr;<\/span><\/a><\/p>\n","protected":false},"author":1,"featured_media":0,"parent":0,"menu_order":0,"comment_status":"closed","ping_status":"open","template":"sidebar-page.php","meta":{"_exactmetrics_skip_tracking":false,"_exactmetrics_sitenote_active":false,"_exactmetrics_sitenote_note":"","_exactmetrics_sitenote_category":0,"_monsterinsights_skip_tracking":false,"_monsterinsights_sitenote_active":false,"_monsterinsights_sitenote_note":"","_monsterinsights_sitenote_category":0,"footnotes":""},"class_list":["post-16","page","type-page","status-publish","hentry"],"yoast_head":"<!-- This site is optimized with the Yoast SEO plugin v27.3 - https:\/\/yoast.com\/product\/yoast-seo-wordpress\/ -->\n<title>Algavad kursused - Kristiine Autokool Tallinnas, Tulika t\u00e4naval<\/title>\n<meta name=\"description\" content=\"Siit leiate infot Kristiine Autokoolis algavate kursuste kohta. K\u00fclasta meie kodulehte ja uuri l\u00e4hemalt!\" \/>\n<meta name=\"robots\" content=\"index, follow, max-snippet:-1, max-image-preview:large, max-video-preview:-1\" \/>\n<link rel=\"canonical\" href=\"https:\/\/kristiineautokool.ee\/de\/algavad-kursused\/\" \/>\n<meta name=\"twitter:card\" content=\"summary_large_image\" \/>\n<meta name=\"twitter:title\" content=\"Algavad kursused - Kristiine Autokool Tallinnas, Tulika t\u00e4naval\" \/>\n<meta name=\"twitter:description\" content=\"Siit leiate infot Kristiine Autokoolis algavate kursuste kohta. K\u00fclasta meie kodulehte ja uuri l\u00e4hemalt!\" \/>\n<meta name=\"twitter:label1\" content=\"Gesch\u00e4tzte Lesezeit\" \/>\n\t<meta name=\"twitter:data1\" content=\"1\u00a0Minute\" \/>\n<script type=\"application\/ld+json\" class=\"yoast-schema-graph\">{\"@context\":\"https:\\\/\\\/schema.org\",\"@graph\":[{\"@type\":\"WebPage\",\"@id\":\"https:\\\/\\\/kristiineautokool.ee\\\/de\\\/algavad-kursused\\\/\",\"url\":\"https:\\\/\\\/kristiineautokool.ee\\\/de\\\/algavad-kursused\\\/\",\"name\":\"Algavad kursused - Kristiine Autokool Tallinnas, Tulika t\u00e4naval\",\"isPartOf\":{\"@id\":\"https:\\\/\\\/kristiineautokool.ee\\\/de\\\/#website\"},\"datePublished\":\"2012-07-19T06:47:22+00:00\",\"dateModified\":\"2026-04-03T19:32:58+00:00\",\"description\":\"Siit leiate infot Kristiine Autokoolis algavate kursuste kohta. K\u00fclasta meie kodulehte ja uuri l\u00e4hemalt!\",\"breadcrumb\":{\"@id\":\"https:\\\/\\\/kristiineautokool.ee\\\/de\\\/algavad-kursused\\\/#breadcrumb\"},\"inLanguage\":\"de\",\"potentialAction\":[{\"@type\":\"ReadAction\",\"target\":[[\"https:\\\/\\\/kristiineautokool.ee\\\/de\\\/algavad-kursused\\\/\"]]}]},{\"@type\":\"BreadcrumbList\",\"@id\":\"https:\\\/\\\/kristiineautokool.ee\\\/de\\\/algavad-kursused\\\/#breadcrumb\",\"itemListElement\":[{\"@type\":\"ListItem\",\"position\":1,\"name\":\"Start\",\"item\":\"https:\\\/\\\/kristiineautokool.ee\\\/de\\\/\"},{\"@type\":\"ListItem\",\"position\":2,\"name\":\"Algavad kursused\"}]},{\"@type\":\"WebSite\",\"@id\":\"https:\\\/\\\/kristiineautokool.ee\\\/de\\\/#website\",\"url\":\"https:\\\/\\\/kristiineautokool.ee\\\/de\\\/\",\"name\":\"Kristiine Autokool Tallinnas, Tulika t\u00e4naval\",\"description\":\"\",\"potentialAction\":[{\"@type\":\"SearchAction\",\"target\":{\"@type\":\"EntryPoint\",\"urlTemplate\":\"https:\\\/\\\/kristiineautokool.ee\\\/de\\\/?s={search_term_string}\"},\"query-input\":{\"@type\":\"PropertyValueSpecification\",\"valueRequired\":true,\"valueName\":\"search_term_string\"}}],\"inLanguage\":\"de\"}]}<\/script>\n<!-- \/ Yoast SEO plugin. -->","yoast_head_json":{"title":"Algavad kursused - Kristiine Autokool Tallinnas, Tulika t\u00e4naval","description":"Siit leiate infot Kristiine Autokoolis algavate kursuste kohta. K\u00fclasta meie kodulehte ja uuri l\u00e4hemalt!","robots":{"index":"index","follow":"follow","max-snippet":"max-snippet:-1","max-image-preview":"max-image-preview:large","max-video-preview":"max-video-preview:-1"},"canonical":"https:\/\/kristiineautokool.ee\/de\/algavad-kursused\/","twitter_card":"summary_large_image","twitter_title":"Algavad kursused - Kristiine Autokool Tallinnas, Tulika t\u00e4naval","twitter_description":"Siit leiate infot Kristiine Autokoolis algavate kursuste kohta. K\u00fclasta meie kodulehte ja uuri l\u00e4hemalt!","twitter_misc":{"Gesch\u00e4tzte Lesezeit":"1\u00a0Minute"},"schema":{"@context":"https:\/\/schema.org","@graph":[{"@type":"WebPage","@id":"https:\/\/kristiineautokool.ee\/de\/algavad-kursused\/","url":"https:\/\/kristiineautokool.ee\/de\/algavad-kursused\/","name":"Algavad kursused - Kristiine Autokool Tallinnas, Tulika t\u00e4naval","isPartOf":{"@id":"https:\/\/kristiineautokool.ee\/de\/#website"},"datePublished":"2012-07-19T06:47:22+00:00","dateModified":"2026-04-03T19:32:58+00:00","description":"Siit leiate infot Kristiine Autokoolis algavate kursuste kohta. K\u00fclasta meie kodulehte ja uuri l\u00e4hemalt!","breadcrumb":{"@id":"https:\/\/kristiineautokool.ee\/de\/algavad-kursused\/#breadcrumb"},"inLanguage":"de","potentialAction":[{"@type":"ReadAction","target":[["https:\/\/kristiineautokool.ee\/de\/algavad-kursused\/"]]}]},{"@type":"BreadcrumbList","@id":"https:\/\/kristiineautokool.ee\/de\/algavad-kursused\/#breadcrumb","itemListElement":[{"@type":"ListItem","position":1,"name":"Start","item":"https:\/\/kristiineautokool.ee\/de\/"},{"@type":"ListItem","position":2,"name":"Algavad kursused"}]},{"@type":"WebSite","@id":"https:\/\/kristiineautokool.ee\/de\/#website","url":"https:\/\/kristiineautokool.ee\/de\/","name":"Kristiine Autokool Tallinnas, Tulika t\u00e4naval","description":"","potentialAction":[{"@type":"SearchAction","target":{"@type":"EntryPoint","urlTemplate":"https:\/\/kristiineautokool.ee\/de\/?s={search_term_string}"},"query-input":{"@type":"PropertyValueSpecification","valueRequired":true,"valueName":"search_term_string"}}],"inLanguage":"de"}]}},"_links":{"self":[{"href":"https:\/\/kristiineautokool.ee\/de\/wp-json\/wp\/v2\/pages\/16","targetHints":{"allow":["GET"]}}],"collection":[{"href":"https:\/\/kristiineautokool.ee\/de\/wp-json\/wp\/v2\/pages"}],"about":[{"href":"https:\/\/kristiineautokool.ee\/de\/wp-json\/wp\/v2\/types\/page"}],"author":[{"embeddable":true,"href":"https:\/\/kristiineautokool.ee\/de\/wp-json\/wp\/v2\/users\/1"}],"replies":[{"embeddable":true,"href":"https:\/\/kristiineautokool.ee\/de\/wp-json\/wp\/v2\/comments?post=16"}],"version-history":[{"count":6,"href":"https:\/\/kristiineautokool.ee\/de\/wp-json\/wp\/v2\/pages\/16\/revisions"}],"predecessor-version":[{"id":6585,"href":"https:\/\/kristiineautokool.ee\/de\/wp-json\/wp\/v2\/pages\/16\/revisions\/6585"}],"wp:attachment":[{"href":"https:\/\/kristiineautokool.ee\/de\/wp-json\/wp\/v2\/media?parent=16"}],"curies":[{"name":"wp","href":"https:\/\/api.w.org\/{rel}","templated":true}]}}