{"id":2770,"date":"2023-02-07T11:00:44","date_gmt":"2023-02-07T11:00:44","guid":{"rendered":"https:\/\/www.kristiineautokool.ee\/?page_id=2770"},"modified":"2023-02-07T11:03:38","modified_gmt":"2023-02-07T11:03:38","slug":"jarelmaks","status":"publish","type":"page","link":"https:\/\/kristiineautokool.ee\/de\/jarelmaks\/","title":{"rendered":"ESTO j\u00e4relmaks \u2013 ei soovi maksta kogu summat korraga? Maksa osamaksete kaupa!"},"content":{"rendered":"\n<figure class=\"wp-block-image size-large\"><img loading=\"lazy\" decoding=\"async\" width=\"605\" height=\"109\" src=\"https:\/\/www.kristiineautokool.ee\/wp-content\/uploads\/2023\/02\/Picture1.jpg\" alt=\"\" class=\"wp-image-2771\" srcset=\"https:\/\/kristiineautokool.ee\/wp-content\/uploads\/2023\/02\/Picture1.jpg 605w, https:\/\/kristiineautokool.ee\/wp-content\/uploads\/2023\/02\/Picture1-300x54.jpg 300w, https:\/\/kristiineautokool.ee\/wp-content\/uploads\/2023\/02\/Picture1-500x90.jpg 500w\" sizes=\"auto, (max-width: 605px) 100vw, 605px\" \/><\/figure>\n\n\n\n<p>Kasuta toodete v\u00f5i teenuste eest maksmisel just <strong>ESTO j\u00e4relmaksu<\/strong> \u2013 k\u00f5ige soodsam, mugavam ja kiirem j\u00e4relmaksulink Eestis!<\/p>\n\n\n\n<p>Lisa tooted ostukorvi, kinnita oma tellimus ning vali makseviisidest ESTO j\u00e4relmaksu link. Maksmisel valige sobiv periood, igakuise osamakse suurus ning digiallkirjastage mugavalt ID-kaardi, Smart-ID v\u00f5i Mobiili-ID abil.<\/p>\n\n\n\n<p>ESTO j\u00e4relmaksu puhul on tegemist \u00fclimalt kiire ning mugava makselahendusega, mis aitab koostada sulle sinu poolt valitud perioodi alusel maksegraafiku ehk maksta osamaksete kaupa. Antud makselahendus teeb krediidiotsuse reaalajas ning aitab ostu sooritada v\u00e4hem kui 60 sekundiga.<\/p>\n\n\n\n<p><strong>T\u00c4HELEPANU!<\/strong> Iga j\u00e4relmaks on finantskohustus. Enne j\u00e4relmaksulepingu s\u00f5lmimist tutvuge vastava teenuse tingimustega ning vajadusel konsulteerige asjatundjaga.<\/p>\n\n\n\n<p>ESTO j\u00e4relmaksu pakkujaks on <strong>ESTO AS<\/strong> (reg. kood 14180709).<\/p>\n\n\n\n<p><strong>ESTO j\u00e4relmaksu tingimused on j\u00e4rgnevad:<\/strong><\/p>\n\n\n\n<h3 class=\"has-normal-font-size wp-block-heading\">Intress alates 0%<\/h3>\n\n\n\n<h3 class=\"wp-block-heading\">Lepingutasu 0\u20ac<\/h3>\n\n\n\n<h3 class=\"wp-block-heading\">Periood kuni 5 aastat<\/h3>\n\n\n\n<p>ESTO j\u00e4relmaksu saavad taotleda k\u00f5ik 18-70-aastased Eesti Vabariigi kodanikud.<strong> ESTO j\u00e4relmaksu on v\u00f5imalik vormistada kiirelt ja mugavalt ka juriidilisele isikule.<\/strong><\/p>\n\n\n\n<p>Iga finantsotsusega kaasnevad riskid ja kohustused, mist\u00f5ttu palume laenutoodete tarbimise vajadus hoolikalt l\u00e4bi m\u00f5elda. N\u00e4iteks 799-eurose laenusumma puhul 24 kuuks fikseeritud intressiga 9.90% aastas ja lepingutasuga 0 eurot on krediidi kulukuse m\u00e4\u00e4r 19.53%, kuumakse suurus 39.88 eurot ning tarbija poolt tagasimakstav kogusumma 957.12 eurot. J\u00e4relmaks on finantskohustus ning enne otsuse tegemist tutvuge p\u00f5hjalikult lepingutingimustega ja vajadusel pidage n\u00f5u ESTO AS t\u00f6\u00f6tajaga v\u00f5i muu asjatundjaga.<\/p>\n","protected":false},"excerpt":{"rendered":"<p>Kasuta toodete v\u00f5i teenuste eest maksmisel just ESTO j\u00e4relmaksu \u2013 k\u00f5ige soodsam, mugavam ja kiirem j\u00e4relmaksulink Eestis! Lisa tooted ostukorvi, kinnita oma tellimus ning vali makseviisidest ESTO j\u00e4relmaksu link. Maksmisel valige sobiv periood, igakuise osamakse suurus ning digiallkirjastage mugavalt ID-kaardi, &hellip; <a href=\"https:\/\/kristiineautokool.ee\/de\/jarelmaks\/\">Weiterlesen <span class=\"meta-nav\">&rarr;<\/span><\/a><\/p>\n","protected":false},"author":1,"featured_media":0,"parent":0,"menu_order":0,"comment_status":"closed","ping_status":"closed","template":"","meta":{"_exactmetrics_skip_tracking":false,"_exactmetrics_sitenote_active":false,"_exactmetrics_sitenote_note":"","_exactmetrics_sitenote_category":0,"_monsterinsights_skip_tracking":false,"_monsterinsights_sitenote_active":false,"_monsterinsights_sitenote_note":"","_monsterinsights_sitenote_category":0,"footnotes":""},"class_list":["post-2770","page","type-page","status-publish","hentry"],"yoast_head":"<!-- This site is optimized with the Yoast SEO plugin v27.3 - https:\/\/yoast.com\/product\/yoast-seo-wordpress\/ -->\n<title>ESTO j\u00e4relmaks \u2013 ei soovi maksta kogu summat korraga? Maksa osamaksete kaupa! - Kristiine Autokool Tallinnas, Tulika t\u00e4naval<\/title>\n<meta name=\"robots\" content=\"index, follow, max-snippet:-1, max-image-preview:large, max-video-preview:-1\" \/>\n<link rel=\"canonical\" href=\"https:\/\/kristiineautokool.ee\/de\/jarelmaks\/\" \/>\n<meta name=\"twitter:card\" content=\"summary_large_image\" \/>\n<meta name=\"twitter:title\" content=\"ESTO j\u00e4relmaks \u2013 ei soovi maksta kogu summat korraga? Maksa osamaksete kaupa! - Kristiine Autokool Tallinnas, Tulika t\u00e4naval\" \/>\n<meta name=\"twitter:description\" content=\"Kasuta toodete v\u00f5i teenuste eest maksmisel just ESTO j\u00e4relmaksu \u2013 k\u00f5ige soodsam, mugavam ja kiirem j\u00e4relmaksulink Eestis! Lisa tooted ostukorvi, kinnita oma tellimus ning vali makseviisidest ESTO j\u00e4relmaksu link. Maksmisel valige sobiv periood, igakuise osamakse suurus ning digiallkirjastage mugavalt ID-kaardi, &hellip; Weiterlesen &rarr;\" \/>\n<meta name=\"twitter:image\" content=\"https:\/\/www.kristiineautokool.ee\/wp-content\/uploads\/2023\/02\/Picture1.jpg\" \/>\n<meta name=\"twitter:label1\" content=\"Gesch\u00e4tzte Lesezeit\" \/>\n\t<meta name=\"twitter:data1\" content=\"1\u00a0Minute\" \/>\n<script type=\"application\/ld+json\" class=\"yoast-schema-graph\">{\"@context\":\"https:\\\/\\\/schema.org\",\"@graph\":[{\"@type\":\"WebPage\",\"@id\":\"https:\\\/\\\/kristiineautokool.ee\\\/de\\\/jarelmaks\\\/\",\"url\":\"https:\\\/\\\/kristiineautokool.ee\\\/de\\\/jarelmaks\\\/\",\"name\":\"ESTO j\u00e4relmaks \u2013 ei soovi maksta kogu summat korraga? Maksa osamaksete kaupa! - Kristiine Autokool Tallinnas, Tulika t\u00e4naval\",\"isPartOf\":{\"@id\":\"https:\\\/\\\/kristiineautokool.ee\\\/de\\\/#website\"},\"primaryImageOfPage\":{\"@id\":\"https:\\\/\\\/kristiineautokool.ee\\\/de\\\/jarelmaks\\\/#primaryimage\"},\"image\":{\"@id\":\"https:\\\/\\\/kristiineautokool.ee\\\/jarelmaks\\\/#primaryimage\"},\"thumbnailUrl\":\"https:\\\/\\\/www.kristiineautokool.ee\\\/wp-content\\\/uploads\\\/2023\\\/02\\\/Picture1.jpg\",\"datePublished\":\"2023-02-07T11:00:44+00:00\",\"dateModified\":\"2023-02-07T11:03:38+00:00\",\"breadcrumb\":{\"@id\":\"https:\\\/\\\/kristiineautokool.ee\\\/de\\\/jarelmaks\\\/#breadcrumb\"},\"inLanguage\":\"de\",\"potentialAction\":[{\"@type\":\"ReadAction\",\"target\":[[\"https:\\\/\\\/kristiineautokool.ee\\\/de\\\/jarelmaks\\\/\"]]}]},{\"@type\":\"ImageObject\",\"inLanguage\":\"de\",\"@id\":\"https:\\\/\\\/kristiineautokool.ee\\\/de\\\/jarelmaks\\\/#primaryimage\",\"url\":\"https:\\\/\\\/www.kristiineautokool.ee\\\/wp-content\\\/uploads\\\/2023\\\/02\\\/Picture1.jpg\",\"contentUrl\":\"https:\\\/\\\/www.kristiineautokool.ee\\\/wp-content\\\/uploads\\\/2023\\\/02\\\/Picture1.jpg\"},{\"@type\":\"BreadcrumbList\",\"@id\":\"https:\\\/\\\/kristiineautokool.ee\\\/de\\\/jarelmaks\\\/#breadcrumb\",\"itemListElement\":[{\"@type\":\"ListItem\",\"position\":1,\"name\":\"Start\",\"item\":\"https:\\\/\\\/kristiineautokool.ee\\\/de\\\/\"},{\"@type\":\"ListItem\",\"position\":2,\"name\":\"ESTO j\u00e4relmaks \u2013 ei soovi maksta kogu summat korraga? Maksa osamaksete kaupa!\"}]},{\"@type\":\"WebSite\",\"@id\":\"https:\\\/\\\/kristiineautokool.ee\\\/de\\\/#website\",\"url\":\"https:\\\/\\\/kristiineautokool.ee\\\/de\\\/\",\"name\":\"Kristiine Autokool Tallinnas, Tulika t\u00e4naval\",\"description\":\"\",\"potentialAction\":[{\"@type\":\"SearchAction\",\"target\":{\"@type\":\"EntryPoint\",\"urlTemplate\":\"https:\\\/\\\/kristiineautokool.ee\\\/de\\\/?s={search_term_string}\"},\"query-input\":{\"@type\":\"PropertyValueSpecification\",\"valueRequired\":true,\"valueName\":\"search_term_string\"}}],\"inLanguage\":\"de\"}]}<\/script>\n<!-- \/ Yoast SEO plugin. -->","yoast_head_json":{"title":"ESTO j\u00e4relmaks \u2013 ei soovi maksta kogu summat korraga? Maksa osamaksete kaupa! - Kristiine Autokool Tallinnas, Tulika t\u00e4naval","robots":{"index":"index","follow":"follow","max-snippet":"max-snippet:-1","max-image-preview":"max-image-preview:large","max-video-preview":"max-video-preview:-1"},"canonical":"https:\/\/kristiineautokool.ee\/de\/jarelmaks\/","twitter_card":"summary_large_image","twitter_title":"ESTO j\u00e4relmaks \u2013 ei soovi maksta kogu summat korraga? Maksa osamaksete kaupa! - Kristiine Autokool Tallinnas, Tulika t\u00e4naval","twitter_description":"Kasuta toodete v\u00f5i teenuste eest maksmisel just ESTO j\u00e4relmaksu \u2013 k\u00f5ige soodsam, mugavam ja kiirem j\u00e4relmaksulink Eestis! Lisa tooted ostukorvi, kinnita oma tellimus ning vali makseviisidest ESTO j\u00e4relmaksu link. Maksmisel valige sobiv periood, igakuise osamakse suurus ning digiallkirjastage mugavalt ID-kaardi, &hellip; Weiterlesen &rarr;","twitter_image":"https:\/\/www.kristiineautokool.ee\/wp-content\/uploads\/2023\/02\/Picture1.jpg","twitter_misc":{"Gesch\u00e4tzte Lesezeit":"1\u00a0Minute"},"schema":{"@context":"https:\/\/schema.org","@graph":[{"@type":"WebPage","@id":"https:\/\/kristiineautokool.ee\/de\/jarelmaks\/","url":"https:\/\/kristiineautokool.ee\/de\/jarelmaks\/","name":"ESTO j\u00e4relmaks \u2013 ei soovi maksta kogu summat korraga? Maksa osamaksete kaupa! - Kristiine Autokool Tallinnas, Tulika t\u00e4naval","isPartOf":{"@id":"https:\/\/kristiineautokool.ee\/de\/#website"},"primaryImageOfPage":{"@id":"https:\/\/kristiineautokool.ee\/de\/jarelmaks\/#primaryimage"},"image":{"@id":"https:\/\/kristiineautokool.ee\/jarelmaks\/#primaryimage"},"thumbnailUrl":"https:\/\/www.kristiineautokool.ee\/wp-content\/uploads\/2023\/02\/Picture1.jpg","datePublished":"2023-02-07T11:00:44+00:00","dateModified":"2023-02-07T11:03:38+00:00","breadcrumb":{"@id":"https:\/\/kristiineautokool.ee\/de\/jarelmaks\/#breadcrumb"},"inLanguage":"de","potentialAction":[{"@type":"ReadAction","target":[["https:\/\/kristiineautokool.ee\/de\/jarelmaks\/"]]}]},{"@type":"ImageObject","inLanguage":"de","@id":"https:\/\/kristiineautokool.ee\/de\/jarelmaks\/#primaryimage","url":"https:\/\/www.kristiineautokool.ee\/wp-content\/uploads\/2023\/02\/Picture1.jpg","contentUrl":"https:\/\/www.kristiineautokool.ee\/wp-content\/uploads\/2023\/02\/Picture1.jpg"},{"@type":"BreadcrumbList","@id":"https:\/\/kristiineautokool.ee\/de\/jarelmaks\/#breadcrumb","itemListElement":[{"@type":"ListItem","position":1,"name":"Start","item":"https:\/\/kristiineautokool.ee\/de\/"},{"@type":"ListItem","position":2,"name":"ESTO j\u00e4relmaks \u2013 ei soovi maksta kogu summat korraga? Maksa osamaksete kaupa!"}]},{"@type":"WebSite","@id":"https:\/\/kristiineautokool.ee\/de\/#website","url":"https:\/\/kristiineautokool.ee\/de\/","name":"Kristiine Autokool Tallinnas, Tulika t\u00e4naval","description":"","potentialAction":[{"@type":"SearchAction","target":{"@type":"EntryPoint","urlTemplate":"https:\/\/kristiineautokool.ee\/de\/?s={search_term_string}"},"query-input":{"@type":"PropertyValueSpecification","valueRequired":true,"valueName":"search_term_string"}}],"inLanguage":"de"}]}},"_links":{"self":[{"href":"https:\/\/kristiineautokool.ee\/de\/wp-json\/wp\/v2\/pages\/2770","targetHints":{"allow":["GET"]}}],"collection":[{"href":"https:\/\/kristiineautokool.ee\/de\/wp-json\/wp\/v2\/pages"}],"about":[{"href":"https:\/\/kristiineautokool.ee\/de\/wp-json\/wp\/v2\/types\/page"}],"author":[{"embeddable":true,"href":"https:\/\/kristiineautokool.ee\/de\/wp-json\/wp\/v2\/users\/1"}],"replies":[{"embeddable":true,"href":"https:\/\/kristiineautokool.ee\/de\/wp-json\/wp\/v2\/comments?post=2770"}],"version-history":[{"count":3,"href":"https:\/\/kristiineautokool.ee\/de\/wp-json\/wp\/v2\/pages\/2770\/revisions"}],"predecessor-version":[{"id":2774,"href":"https:\/\/kristiineautokool.ee\/de\/wp-json\/wp\/v2\/pages\/2770\/revisions\/2774"}],"wp:attachment":[{"href":"https:\/\/kristiineautokool.ee\/de\/wp-json\/wp\/v2\/media?parent=2770"}],"curies":[{"name":"wp","href":"https:\/\/api.w.org\/{rel}","templated":true}]}}