{"id":4,"date":"2012-07-19T06:40:55","date_gmt":"2012-07-19T06:40:55","guid":{"rendered":"http:\/\/kristiineautokool.ee\/?page_id=4"},"modified":"2023-05-08T09:43:32","modified_gmt":"2023-05-08T09:43:32","slug":"avaleht","status":"publish","type":"page","link":"https:\/\/kristiineautokool.ee\/de\/","title":{"rendered":"Avaleht"},"content":{"rendered":"<p><span style=\"color: #000000;\">Kristiine<\/span><span style=\"color: #000000;\"> Autokoolis o<\/span>n v\u00f5imalik \u00f5ppida B- kategooria s\u00f5idukijuhiks. \u00d5ppekava toimub kehtiva riikliku B-kategooria \u00f5ppekava alusel.<\/p>\n<p>Meie kollektiiv on nooruslik ja s\u00f5bralik, et pakkuda pingevaba ja meeldivat \u00f5ppimisv\u00f5imalust. S\u00f5idu\u00f5petajaid on meil viis ja teooria \u00f5petajaid kaks.<\/p>\n<p>Teooria omandamiseks pakume kaasaegselt sisustatud \u00f5pperuume, kus teadmisi aitavad omandada oma ala spetsialistid.<\/p>\n<p>Asume \u00fches Tallinna liikluse s\u00f5lmpunktis \u2013 Kristiine keskuse vahetus l\u00e4heduses. Keilas asub meie \u00f5ppeklass Liiva tn 1. Oma tegemistes oleme suunatud \u00f5pilaste positiivse \u00f5pitulemuse saavutamisele ning seel\u00e4bi ka \u00fcldise liikluskultuuri s\u00f5bralikumaks muutmisele. Kristiine Autokool tegutseb alates aastast 2000 ja on Eesti Liikluskoolitajate Liidu liige.<\/p>\n<ul>\n<li><strong>Nooruslik ja s\u00f5bralik kollektiiv<\/strong><\/li>\n<li><strong>Nii manuaal- kui ka automaatk\u00e4igukastiga \u00f5ppeautod<\/strong><\/li>\n<li><strong>Kaasaegselt sisutatud \u00f5pperuumid<\/strong><\/li>\n<li><strong>V\u00f5imalik \u00f5ppida ka Keilas<\/strong><\/li>\n<\/ul>\n<div><\/div>\n\n\n<p><strong><a href=\"https:\/\/kristiineautokool.ee\/oppekava\/\">Autokooli \u00f5ppekava<\/a><\/strong><\/p>\n","protected":false},"excerpt":{"rendered":"<p>Kristiine Autokoolis on v\u00f5imalik \u00f5ppida B- kategooria s\u00f5idukijuhiks. \u00d5ppekava toimub kehtiva riikliku B-kategooria \u00f5ppekava alusel. Meie kollektiiv on nooruslik ja s\u00f5bralik, et pakkuda pingevaba ja meeldivat \u00f5ppimisv\u00f5imalust. S\u00f5idu\u00f5petajaid on meil viis ja teooria \u00f5petajaid kaks. Teooria omandamiseks pakume kaasaegselt sisustatud &hellip; <a href=\"https:\/\/kristiineautokool.ee\/de\/\">Weiterlesen <span class=\"meta-nav\">&rarr;<\/span><\/a><\/p>\n","protected":false},"author":1,"featured_media":0,"parent":0,"menu_order":0,"comment_status":"closed","ping_status":"open","template":"sidebar-page.php","meta":{"_exactmetrics_skip_tracking":false,"_exactmetrics_sitenote_active":false,"_exactmetrics_sitenote_note":"","_exactmetrics_sitenote_category":0,"_monsterinsights_skip_tracking":false,"_monsterinsights_sitenote_active":false,"_monsterinsights_sitenote_note":"","_monsterinsights_sitenote_category":0,"footnotes":""},"class_list":["post-4","page","type-page","status-publish","hentry"],"yoast_head":"<!-- This site is optimized with the Yoast SEO plugin v27.3 - https:\/\/yoast.com\/product\/yoast-seo-wordpress\/ -->\n<title>Avaleht - Kristiine Autokool Tallinnas ja Keilas<\/title>\n<meta name=\"description\" content=\"Kristiine Autokool pakub Tallinnas ja Keilas oma \u00f5pilastele k\u00f5rgetasemelist \u00f5pet. Meie koolis on v\u00f5imalik \u00f5ppida B-kategooria s\u00f5idujuhiks.\" \/>\n<meta name=\"robots\" content=\"index, follow, max-snippet:-1, max-image-preview:large, max-video-preview:-1\" \/>\n<link rel=\"canonical\" href=\"https:\/\/kristiineautokool.ee\/de\/\" \/>\n<meta name=\"twitter:card\" content=\"summary_large_image\" \/>\n<meta name=\"twitter:title\" content=\"Avaleht - Kristiine Autokool Tallinnas ja Keilas\" \/>\n<meta name=\"twitter:description\" content=\"Kristiine Autokool pakub Tallinnas ja Keilas oma \u00f5pilastele k\u00f5rgetasemelist \u00f5pet. Meie koolis on v\u00f5imalik \u00f5ppida B-kategooria s\u00f5idujuhiks.\" \/>\n<meta name=\"twitter:label1\" content=\"Gesch\u00e4tzte Lesezeit\" \/>\n\t<meta name=\"twitter:data1\" content=\"1\u00a0Minute\" \/>\n<script type=\"application\/ld+json\" class=\"yoast-schema-graph\">{\"@context\":\"https:\\\/\\\/schema.org\",\"@graph\":[{\"@type\":\"WebPage\",\"@id\":\"https:\\\/\\\/kristiineautokool.ee\\\/de\\\/\",\"url\":\"https:\\\/\\\/kristiineautokool.ee\\\/de\\\/\",\"name\":\"Avaleht - Kristiine Autokool Tallinnas ja Keilas\",\"isPartOf\":{\"@id\":\"https:\\\/\\\/kristiineautokool.ee\\\/de\\\/#website\"},\"datePublished\":\"2012-07-19T06:40:55+00:00\",\"dateModified\":\"2023-05-08T09:43:32+00:00\",\"description\":\"Kristiine Autokool pakub Tallinnas ja Keilas oma \u00f5pilastele k\u00f5rgetasemelist \u00f5pet. Meie koolis on v\u00f5imalik \u00f5ppida B-kategooria s\u00f5idujuhiks.\",\"breadcrumb\":{\"@id\":\"https:\\\/\\\/kristiineautokool.ee\\\/de\\\/#breadcrumb\"},\"inLanguage\":\"de\",\"potentialAction\":[{\"@type\":\"ReadAction\",\"target\":[[\"https:\\\/\\\/kristiineautokool.ee\\\/de\\\/\"]]}]},{\"@type\":\"BreadcrumbList\",\"@id\":\"https:\\\/\\\/kristiineautokool.ee\\\/de\\\/#breadcrumb\",\"itemListElement\":[{\"@type\":\"ListItem\",\"position\":1,\"name\":\"Start\",\"item\":\"https:\\\/\\\/kristiineautokool.ee\\\/de\\\/\"},{\"@type\":\"ListItem\",\"position\":2,\"name\":\"Avaleht\"}]},{\"@type\":\"WebSite\",\"@id\":\"https:\\\/\\\/kristiineautokool.ee\\\/de\\\/#website\",\"url\":\"https:\\\/\\\/kristiineautokool.ee\\\/de\\\/\",\"name\":\"Kristiine Autokool Tallinnas, Tulika t\u00e4naval\",\"description\":\"\",\"potentialAction\":[{\"@type\":\"SearchAction\",\"target\":{\"@type\":\"EntryPoint\",\"urlTemplate\":\"https:\\\/\\\/kristiineautokool.ee\\\/de\\\/?s={search_term_string}\"},\"query-input\":{\"@type\":\"PropertyValueSpecification\",\"valueRequired\":true,\"valueName\":\"search_term_string\"}}],\"inLanguage\":\"de\"}]}<\/script>\n<!-- \/ Yoast SEO plugin. -->","yoast_head_json":{"title":"Avaleht - Kristiine Autokool Tallinnas ja Keilas","description":"Kristiine Autokool pakub Tallinnas ja Keilas oma \u00f5pilastele k\u00f5rgetasemelist \u00f5pet. Meie koolis on v\u00f5imalik \u00f5ppida B-kategooria s\u00f5idujuhiks.","robots":{"index":"index","follow":"follow","max-snippet":"max-snippet:-1","max-image-preview":"max-image-preview:large","max-video-preview":"max-video-preview:-1"},"canonical":"https:\/\/kristiineautokool.ee\/de\/","twitter_card":"summary_large_image","twitter_title":"Avaleht - Kristiine Autokool Tallinnas ja Keilas","twitter_description":"Kristiine Autokool pakub Tallinnas ja Keilas oma \u00f5pilastele k\u00f5rgetasemelist \u00f5pet. Meie koolis on v\u00f5imalik \u00f5ppida B-kategooria s\u00f5idujuhiks.","twitter_misc":{"Gesch\u00e4tzte Lesezeit":"1\u00a0Minute"},"schema":{"@context":"https:\/\/schema.org","@graph":[{"@type":"WebPage","@id":"https:\/\/kristiineautokool.ee\/de\/","url":"https:\/\/kristiineautokool.ee\/de\/","name":"Avaleht - Kristiine Autokool Tallinnas ja Keilas","isPartOf":{"@id":"https:\/\/kristiineautokool.ee\/de\/#website"},"datePublished":"2012-07-19T06:40:55+00:00","dateModified":"2023-05-08T09:43:32+00:00","description":"Kristiine Autokool pakub Tallinnas ja Keilas oma \u00f5pilastele k\u00f5rgetasemelist \u00f5pet. Meie koolis on v\u00f5imalik \u00f5ppida B-kategooria s\u00f5idujuhiks.","breadcrumb":{"@id":"https:\/\/kristiineautokool.ee\/de\/#breadcrumb"},"inLanguage":"de","potentialAction":[{"@type":"ReadAction","target":[["https:\/\/kristiineautokool.ee\/de\/"]]}]},{"@type":"BreadcrumbList","@id":"https:\/\/kristiineautokool.ee\/de\/#breadcrumb","itemListElement":[{"@type":"ListItem","position":1,"name":"Start","item":"https:\/\/kristiineautokool.ee\/de\/"},{"@type":"ListItem","position":2,"name":"Avaleht"}]},{"@type":"WebSite","@id":"https:\/\/kristiineautokool.ee\/de\/#website","url":"https:\/\/kristiineautokool.ee\/de\/","name":"Kristiine Autokool Tallinnas, Tulika t\u00e4naval","description":"","potentialAction":[{"@type":"SearchAction","target":{"@type":"EntryPoint","urlTemplate":"https:\/\/kristiineautokool.ee\/de\/?s={search_term_string}"},"query-input":{"@type":"PropertyValueSpecification","valueRequired":true,"valueName":"search_term_string"}}],"inLanguage":"de"}]}},"_links":{"self":[{"href":"https:\/\/kristiineautokool.ee\/de\/wp-json\/wp\/v2\/pages\/4","targetHints":{"allow":["GET"]}}],"collection":[{"href":"https:\/\/kristiineautokool.ee\/de\/wp-json\/wp\/v2\/pages"}],"about":[{"href":"https:\/\/kristiineautokool.ee\/de\/wp-json\/wp\/v2\/types\/page"}],"author":[{"embeddable":true,"href":"https:\/\/kristiineautokool.ee\/de\/wp-json\/wp\/v2\/users\/1"}],"replies":[{"embeddable":true,"href":"https:\/\/kristiineautokool.ee\/de\/wp-json\/wp\/v2\/comments?post=4"}],"version-history":[{"count":5,"href":"https:\/\/kristiineautokool.ee\/de\/wp-json\/wp\/v2\/pages\/4\/revisions"}],"predecessor-version":[{"id":2944,"href":"https:\/\/kristiineautokool.ee\/de\/wp-json\/wp\/v2\/pages\/4\/revisions\/2944"}],"wp:attachment":[{"href":"https:\/\/kristiineautokool.ee\/de\/wp-json\/wp\/v2\/media?parent=4"}],"curies":[{"name":"wp","href":"https:\/\/api.w.org\/{rel}","templated":true}]}}