{"id":6,"date":"2012-07-19T06:40:27","date_gmt":"2012-07-19T06:40:27","guid":{"rendered":"http:\/\/kristiineautokool.ee\/?page_id=6"},"modified":"2023-04-19T06:53:46","modified_gmt":"2023-04-19T06:53:46","slug":"b-kategooria-juhiload","status":"publish","type":"page","link":"https:\/\/kristiineautokool.ee\/de\/b-kategooria-juhiload\/","title":{"rendered":"B-kategooria juhiload"},"content":{"rendered":"<p>B-kategooria p\u00f5hikursus koosneb 28 teooria- ja 28 s\u00f5idutunnist (\u00fcks tund 45 min.). <a href=\"https:\/\/kristiineautokool.ee\/oppekava\/\">Tutvu \u00f5ppekavaga.<\/a><\/p>\n<p>E-\u00f5ppes kasutame Liikluslabi e-autokooli.E-kursuses seletatakse liiklusreegleid lihtsas keeles. Spetsiaalselt \u00fclesv\u00f5etud videotelt n\u00e4eb keerulisi liiklusolukordi l\u00e4bi juhi silmade. Animatsioonid kujutavad, kuidas t\u00f6\u00f6tavad auto erinevad s\u00fcsteemid (n\u00e4iteks sidur). Liiklustestid aitavad kinnistada teadmisi ja sooritada Transpordiameti teooriaeksami esimesel katsel.<\/p>\n<p>Lisaks p\u00f5hikursusele tuleb l\u00e4bida pimeda aja koolitus ja libedas\u00f5idu riskiv\u00e4ltimise koolitus.<\/p>\n<p>Kursuse pikkus on v\u00e4hemalt 6 n\u00e4dalat. Hommikused teooriatunnid algavad kell 8.00, \u00f5htused 18.00<\/p>\n<p>Koolituskursusele v\u00f5etakse \u00f5ppima B-kategooria mootors\u00f5iduki juhtimis\u00f5igust taotlev isik, kelle alaline elukoht on Eestis ja kes on \u00f5ppet\u00f6\u00f6 alustamise ajaks v\u00e4hemalt 15,5 aastane.<\/p>\n<p>B-kategooria s\u00f5iduk on auto, mille t\u00e4ismass ei \u00fcleta 3500 kg ja millel peale juhikoha ei ole rohkem kui 8 istekohta. Sama auto koos kerghaagisega (kuni 750 kg).<\/p>\n<p><strong>Koolitusele tulles v\u00f5ta kaasa:<\/strong><\/p>\n<p>1. isikut t\u00f5endav dokument;<\/p>\n<p>2. terviset\u00f5endi otsus;<\/p>\n<p>3. pilt m\u00f5\u00f5tmetega 3,5&#215;4,5.<\/p>\n","protected":false},"excerpt":{"rendered":"<p>B-kategooria p\u00f5hikursus koosneb 28 teooria- ja 28 s\u00f5idutunnist (\u00fcks tund 45 min.). Tutvu \u00f5ppekavaga. E-\u00f5ppes kasutame Liikluslabi e-autokooli.E-kursuses seletatakse liiklusreegleid lihtsas keeles. Spetsiaalselt \u00fclesv\u00f5etud videotelt n\u00e4eb keerulisi liiklusolukordi l\u00e4bi juhi silmade. Animatsioonid kujutavad, kuidas t\u00f6\u00f6tavad auto erinevad s\u00fcsteemid (n\u00e4iteks sidur). &hellip; <a href=\"https:\/\/kristiineautokool.ee\/de\/b-kategooria-juhiload\/\">Weiterlesen <span class=\"meta-nav\">&rarr;<\/span><\/a><\/p>\n","protected":false},"author":1,"featured_media":0,"parent":0,"menu_order":0,"comment_status":"closed","ping_status":"closed","template":"sidebar-page.php","meta":{"_exactmetrics_skip_tracking":false,"_exactmetrics_sitenote_active":false,"_exactmetrics_sitenote_note":"","_exactmetrics_sitenote_category":0,"_monsterinsights_skip_tracking":false,"_monsterinsights_sitenote_active":false,"_monsterinsights_sitenote_note":"","_monsterinsights_sitenote_category":0,"footnotes":""},"class_list":["post-6","page","type-page","status-publish","hentry"],"yoast_head":"<!-- This site is optimized with the Yoast SEO plugin v27.3 - https:\/\/yoast.com\/product\/yoast-seo-wordpress\/ -->\n<title>B-kategooria juhiload - Kristiine Autokool Tallinnas, Tulika t\u00e4naval<\/title>\n<meta name=\"description\" content=\"Kristiine Autokool. \u00d5pe toimub nii Tallinnas kui ka Keilas. Tule meile \u00f5ppima ja omanda B- kategooria juhiload!\" \/>\n<meta name=\"robots\" content=\"index, follow, max-snippet:-1, max-image-preview:large, max-video-preview:-1\" \/>\n<link rel=\"canonical\" href=\"https:\/\/kristiineautokool.ee\/de\/b-kategooria-juhiload\/\" \/>\n<meta name=\"twitter:card\" content=\"summary_large_image\" \/>\n<meta name=\"twitter:title\" content=\"B-kategooria juhiload - Kristiine Autokool Tallinnas, Tulika t\u00e4naval\" \/>\n<meta name=\"twitter:description\" content=\"Kristiine Autokool. \u00d5pe toimub nii Tallinnas kui ka Keilas. Tule meile \u00f5ppima ja omanda B- kategooria juhiload!\" \/>\n<meta name=\"twitter:label1\" content=\"Gesch\u00e4tzte Lesezeit\" \/>\n\t<meta name=\"twitter:data1\" content=\"1\u00a0Minute\" \/>\n<script type=\"application\/ld+json\" class=\"yoast-schema-graph\">{\"@context\":\"https:\\\/\\\/schema.org\",\"@graph\":[{\"@type\":\"WebPage\",\"@id\":\"https:\\\/\\\/kristiineautokool.ee\\\/de\\\/b-kategooria-juhiload\\\/\",\"url\":\"https:\\\/\\\/kristiineautokool.ee\\\/de\\\/b-kategooria-juhiload\\\/\",\"name\":\"B-kategooria juhiload - Kristiine Autokool Tallinnas, Tulika t\u00e4naval\",\"isPartOf\":{\"@id\":\"https:\\\/\\\/kristiineautokool.ee\\\/de\\\/#website\"},\"datePublished\":\"2012-07-19T06:40:27+00:00\",\"dateModified\":\"2023-04-19T06:53:46+00:00\",\"description\":\"Kristiine Autokool. \u00d5pe toimub nii Tallinnas kui ka Keilas. Tule meile \u00f5ppima ja omanda B- kategooria juhiload!\",\"breadcrumb\":{\"@id\":\"https:\\\/\\\/kristiineautokool.ee\\\/de\\\/b-kategooria-juhiload\\\/#breadcrumb\"},\"inLanguage\":\"de\",\"potentialAction\":[{\"@type\":\"ReadAction\",\"target\":[[\"https:\\\/\\\/kristiineautokool.ee\\\/de\\\/b-kategooria-juhiload\\\/\"]]}]},{\"@type\":\"BreadcrumbList\",\"@id\":\"https:\\\/\\\/kristiineautokool.ee\\\/de\\\/b-kategooria-juhiload\\\/#breadcrumb\",\"itemListElement\":[{\"@type\":\"ListItem\",\"position\":1,\"name\":\"Start\",\"item\":\"https:\\\/\\\/kristiineautokool.ee\\\/de\\\/\"},{\"@type\":\"ListItem\",\"position\":2,\"name\":\"B-kategooria juhiload\"}]},{\"@type\":\"WebSite\",\"@id\":\"https:\\\/\\\/kristiineautokool.ee\\\/de\\\/#website\",\"url\":\"https:\\\/\\\/kristiineautokool.ee\\\/de\\\/\",\"name\":\"Kristiine Autokool Tallinnas, Tulika t\u00e4naval\",\"description\":\"\",\"potentialAction\":[{\"@type\":\"SearchAction\",\"target\":{\"@type\":\"EntryPoint\",\"urlTemplate\":\"https:\\\/\\\/kristiineautokool.ee\\\/de\\\/?s={search_term_string}\"},\"query-input\":{\"@type\":\"PropertyValueSpecification\",\"valueRequired\":true,\"valueName\":\"search_term_string\"}}],\"inLanguage\":\"de\"}]}<\/script>\n<!-- \/ Yoast SEO plugin. -->","yoast_head_json":{"title":"B-kategooria juhiload - Kristiine Autokool Tallinnas, Tulika t\u00e4naval","description":"Kristiine Autokool. \u00d5pe toimub nii Tallinnas kui ka Keilas. Tule meile \u00f5ppima ja omanda B- kategooria juhiload!","robots":{"index":"index","follow":"follow","max-snippet":"max-snippet:-1","max-image-preview":"max-image-preview:large","max-video-preview":"max-video-preview:-1"},"canonical":"https:\/\/kristiineautokool.ee\/de\/b-kategooria-juhiload\/","twitter_card":"summary_large_image","twitter_title":"B-kategooria juhiload - Kristiine Autokool Tallinnas, Tulika t\u00e4naval","twitter_description":"Kristiine Autokool. \u00d5pe toimub nii Tallinnas kui ka Keilas. Tule meile \u00f5ppima ja omanda B- kategooria juhiload!","twitter_misc":{"Gesch\u00e4tzte Lesezeit":"1\u00a0Minute"},"schema":{"@context":"https:\/\/schema.org","@graph":[{"@type":"WebPage","@id":"https:\/\/kristiineautokool.ee\/de\/b-kategooria-juhiload\/","url":"https:\/\/kristiineautokool.ee\/de\/b-kategooria-juhiload\/","name":"B-kategooria juhiload - Kristiine Autokool Tallinnas, Tulika t\u00e4naval","isPartOf":{"@id":"https:\/\/kristiineautokool.ee\/de\/#website"},"datePublished":"2012-07-19T06:40:27+00:00","dateModified":"2023-04-19T06:53:46+00:00","description":"Kristiine Autokool. \u00d5pe toimub nii Tallinnas kui ka Keilas. Tule meile \u00f5ppima ja omanda B- kategooria juhiload!","breadcrumb":{"@id":"https:\/\/kristiineautokool.ee\/de\/b-kategooria-juhiload\/#breadcrumb"},"inLanguage":"de","potentialAction":[{"@type":"ReadAction","target":[["https:\/\/kristiineautokool.ee\/de\/b-kategooria-juhiload\/"]]}]},{"@type":"BreadcrumbList","@id":"https:\/\/kristiineautokool.ee\/de\/b-kategooria-juhiload\/#breadcrumb","itemListElement":[{"@type":"ListItem","position":1,"name":"Start","item":"https:\/\/kristiineautokool.ee\/de\/"},{"@type":"ListItem","position":2,"name":"B-kategooria juhiload"}]},{"@type":"WebSite","@id":"https:\/\/kristiineautokool.ee\/de\/#website","url":"https:\/\/kristiineautokool.ee\/de\/","name":"Kristiine Autokool Tallinnas, Tulika t\u00e4naval","description":"","potentialAction":[{"@type":"SearchAction","target":{"@type":"EntryPoint","urlTemplate":"https:\/\/kristiineautokool.ee\/de\/?s={search_term_string}"},"query-input":{"@type":"PropertyValueSpecification","valueRequired":true,"valueName":"search_term_string"}}],"inLanguage":"de"}]}},"_links":{"self":[{"href":"https:\/\/kristiineautokool.ee\/de\/wp-json\/wp\/v2\/pages\/6","targetHints":{"allow":["GET"]}}],"collection":[{"href":"https:\/\/kristiineautokool.ee\/de\/wp-json\/wp\/v2\/pages"}],"about":[{"href":"https:\/\/kristiineautokool.ee\/de\/wp-json\/wp\/v2\/types\/page"}],"author":[{"embeddable":true,"href":"https:\/\/kristiineautokool.ee\/de\/wp-json\/wp\/v2\/users\/1"}],"replies":[{"embeddable":true,"href":"https:\/\/kristiineautokool.ee\/de\/wp-json\/wp\/v2\/comments?post=6"}],"version-history":[{"count":5,"href":"https:\/\/kristiineautokool.ee\/de\/wp-json\/wp\/v2\/pages\/6\/revisions"}],"predecessor-version":[{"id":2892,"href":"https:\/\/kristiineautokool.ee\/de\/wp-json\/wp\/v2\/pages\/6\/revisions\/2892"}],"wp:attachment":[{"href":"https:\/\/kristiineautokool.ee\/de\/wp-json\/wp\/v2\/media?parent=6"}],"curies":[{"name":"wp","href":"https:\/\/api.w.org\/{rel}","templated":true}]}}