{"id":9,"date":"2012-07-19T06:41:45","date_gmt":"2012-07-19T06:41:45","guid":{"rendered":"http:\/\/kristiineautokool.ee\/?page_id=9"},"modified":"2024-10-03T10:29:08","modified_gmt":"2024-10-03T10:29:08","slug":"esmaabikoolitus","status":"publish","type":"page","link":"https:\/\/kristiineautokool.ee\/de\/esmaabikoolitus\/","title":{"rendered":"Esmaabikoolitus"},"content":{"rendered":"<p>Vastavalt liiklusseadusele peab iga esmase juhiloa taotleja l\u00e4bima autokoolis esmaabikursuse. Koolituse maht on 16 tundi.<\/p>\n","protected":false},"excerpt":{"rendered":"<p>Vastavalt liiklusseadusele peab iga esmase juhiloa taotleja l\u00e4bima autokoolis esmaabikursuse. Koolituse maht on 16 tundi.<\/p>\n","protected":false},"author":1,"featured_media":0,"parent":0,"menu_order":0,"comment_status":"closed","ping_status":"closed","template":"sidebar-page.php","meta":{"_exactmetrics_skip_tracking":false,"_exactmetrics_sitenote_active":false,"_exactmetrics_sitenote_note":"","_exactmetrics_sitenote_category":0,"_monsterinsights_skip_tracking":false,"_monsterinsights_sitenote_active":false,"_monsterinsights_sitenote_note":"","_monsterinsights_sitenote_category":0,"footnotes":""},"class_list":["post-9","page","type-page","status-publish","hentry"],"yoast_head":"<!-- This site is optimized with the Yoast SEO plugin v27.3 - https:\/\/yoast.com\/product\/yoast-seo-wordpress\/ -->\n<title>Esmaabikoolitus - Kristiine Autokool Tallinnas ja Keilas<\/title>\n<meta name=\"description\" content=\"\u201eKristiine Autokool\u201c Tallinnas. \u00d5ppet\u00f6\u00f6 toimub ka Keilas. Mootors\u00f5iduki esmase juhiloa taotlejatel tuleb l\u00e4bida esmaabikoolitus. Tule uuri l\u00e4hemalt!\" \/>\n<meta name=\"robots\" content=\"index, follow, max-snippet:-1, max-image-preview:large, max-video-preview:-1\" \/>\n<link rel=\"canonical\" href=\"https:\/\/kristiineautokool.ee\/de\/esmaabikoolitus\/\" \/>\n<meta name=\"twitter:card\" content=\"summary_large_image\" \/>\n<meta name=\"twitter:title\" content=\"Esmaabikoolitus - Kristiine Autokool Tallinnas ja Keilas\" \/>\n<meta name=\"twitter:description\" content=\"\u201eKristiine Autokool\u201c Tallinnas. \u00d5ppet\u00f6\u00f6 toimub ka Keilas. Mootors\u00f5iduki esmase juhiloa taotlejatel tuleb l\u00e4bida esmaabikoolitus. Tule uuri l\u00e4hemalt!\" \/>\n<script type=\"application\/ld+json\" class=\"yoast-schema-graph\">{\"@context\":\"https:\\\/\\\/schema.org\",\"@graph\":[{\"@type\":\"WebPage\",\"@id\":\"https:\\\/\\\/kristiineautokool.ee\\\/de\\\/esmaabikoolitus\\\/\",\"url\":\"https:\\\/\\\/kristiineautokool.ee\\\/de\\\/esmaabikoolitus\\\/\",\"name\":\"Esmaabikoolitus - Kristiine Autokool Tallinnas ja Keilas\",\"isPartOf\":{\"@id\":\"https:\\\/\\\/kristiineautokool.ee\\\/de\\\/#website\"},\"datePublished\":\"2012-07-19T06:41:45+00:00\",\"dateModified\":\"2024-10-03T10:29:08+00:00\",\"description\":\"\u201eKristiine Autokool\u201c Tallinnas. \u00d5ppet\u00f6\u00f6 toimub ka Keilas. Mootors\u00f5iduki esmase juhiloa taotlejatel tuleb l\u00e4bida esmaabikoolitus. Tule uuri l\u00e4hemalt!\",\"breadcrumb\":{\"@id\":\"https:\\\/\\\/kristiineautokool.ee\\\/de\\\/esmaabikoolitus\\\/#breadcrumb\"},\"inLanguage\":\"de\",\"potentialAction\":[{\"@type\":\"ReadAction\",\"target\":[[\"https:\\\/\\\/kristiineautokool.ee\\\/de\\\/esmaabikoolitus\\\/\"]]}]},{\"@type\":\"BreadcrumbList\",\"@id\":\"https:\\\/\\\/kristiineautokool.ee\\\/de\\\/esmaabikoolitus\\\/#breadcrumb\",\"itemListElement\":[{\"@type\":\"ListItem\",\"position\":1,\"name\":\"Start\",\"item\":\"https:\\\/\\\/kristiineautokool.ee\\\/de\\\/\"},{\"@type\":\"ListItem\",\"position\":2,\"name\":\"Esmaabikoolitus\"}]},{\"@type\":\"WebSite\",\"@id\":\"https:\\\/\\\/kristiineautokool.ee\\\/de\\\/#website\",\"url\":\"https:\\\/\\\/kristiineautokool.ee\\\/de\\\/\",\"name\":\"Kristiine Autokool Tallinnas, Tulika t\u00e4naval\",\"description\":\"\",\"potentialAction\":[{\"@type\":\"SearchAction\",\"target\":{\"@type\":\"EntryPoint\",\"urlTemplate\":\"https:\\\/\\\/kristiineautokool.ee\\\/de\\\/?s={search_term_string}\"},\"query-input\":{\"@type\":\"PropertyValueSpecification\",\"valueRequired\":true,\"valueName\":\"search_term_string\"}}],\"inLanguage\":\"de\"}]}<\/script>\n<!-- \/ Yoast SEO plugin. -->","yoast_head_json":{"title":"Esmaabikoolitus - Kristiine Autokool Tallinnas ja Keilas","description":"\u201eKristiine Autokool\u201c Tallinnas. \u00d5ppet\u00f6\u00f6 toimub ka Keilas. Mootors\u00f5iduki esmase juhiloa taotlejatel tuleb l\u00e4bida esmaabikoolitus. Tule uuri l\u00e4hemalt!","robots":{"index":"index","follow":"follow","max-snippet":"max-snippet:-1","max-image-preview":"max-image-preview:large","max-video-preview":"max-video-preview:-1"},"canonical":"https:\/\/kristiineautokool.ee\/de\/esmaabikoolitus\/","twitter_card":"summary_large_image","twitter_title":"Esmaabikoolitus - Kristiine Autokool Tallinnas ja Keilas","twitter_description":"\u201eKristiine Autokool\u201c Tallinnas. \u00d5ppet\u00f6\u00f6 toimub ka Keilas. Mootors\u00f5iduki esmase juhiloa taotlejatel tuleb l\u00e4bida esmaabikoolitus. Tule uuri l\u00e4hemalt!","schema":{"@context":"https:\/\/schema.org","@graph":[{"@type":"WebPage","@id":"https:\/\/kristiineautokool.ee\/de\/esmaabikoolitus\/","url":"https:\/\/kristiineautokool.ee\/de\/esmaabikoolitus\/","name":"Esmaabikoolitus - Kristiine Autokool Tallinnas ja Keilas","isPartOf":{"@id":"https:\/\/kristiineautokool.ee\/de\/#website"},"datePublished":"2012-07-19T06:41:45+00:00","dateModified":"2024-10-03T10:29:08+00:00","description":"\u201eKristiine Autokool\u201c Tallinnas. \u00d5ppet\u00f6\u00f6 toimub ka Keilas. Mootors\u00f5iduki esmase juhiloa taotlejatel tuleb l\u00e4bida esmaabikoolitus. Tule uuri l\u00e4hemalt!","breadcrumb":{"@id":"https:\/\/kristiineautokool.ee\/de\/esmaabikoolitus\/#breadcrumb"},"inLanguage":"de","potentialAction":[{"@type":"ReadAction","target":[["https:\/\/kristiineautokool.ee\/de\/esmaabikoolitus\/"]]}]},{"@type":"BreadcrumbList","@id":"https:\/\/kristiineautokool.ee\/de\/esmaabikoolitus\/#breadcrumb","itemListElement":[{"@type":"ListItem","position":1,"name":"Start","item":"https:\/\/kristiineautokool.ee\/de\/"},{"@type":"ListItem","position":2,"name":"Esmaabikoolitus"}]},{"@type":"WebSite","@id":"https:\/\/kristiineautokool.ee\/de\/#website","url":"https:\/\/kristiineautokool.ee\/de\/","name":"Kristiine Autokool Tallinnas, Tulika t\u00e4naval","description":"","potentialAction":[{"@type":"SearchAction","target":{"@type":"EntryPoint","urlTemplate":"https:\/\/kristiineautokool.ee\/de\/?s={search_term_string}"},"query-input":{"@type":"PropertyValueSpecification","valueRequired":true,"valueName":"search_term_string"}}],"inLanguage":"de"}]}},"_links":{"self":[{"href":"https:\/\/kristiineautokool.ee\/de\/wp-json\/wp\/v2\/pages\/9","targetHints":{"allow":["GET"]}}],"collection":[{"href":"https:\/\/kristiineautokool.ee\/de\/wp-json\/wp\/v2\/pages"}],"about":[{"href":"https:\/\/kristiineautokool.ee\/de\/wp-json\/wp\/v2\/types\/page"}],"author":[{"embeddable":true,"href":"https:\/\/kristiineautokool.ee\/de\/wp-json\/wp\/v2\/users\/1"}],"replies":[{"embeddable":true,"href":"https:\/\/kristiineautokool.ee\/de\/wp-json\/wp\/v2\/comments?post=9"}],"version-history":[{"count":5,"href":"https:\/\/kristiineautokool.ee\/de\/wp-json\/wp\/v2\/pages\/9\/revisions"}],"predecessor-version":[{"id":2182,"href":"https:\/\/kristiineautokool.ee\/de\/wp-json\/wp\/v2\/pages\/9\/revisions\/2182"}],"wp:attachment":[{"href":"https:\/\/kristiineautokool.ee\/de\/wp-json\/wp\/v2\/media?parent=9"}],"curies":[{"name":"wp","href":"https:\/\/api.w.org\/{rel}","templated":true}]}}